{"id":2005,"date":"2025-09-26T09:36:36","date_gmt":"2025-09-26T09:36:36","guid":{"rendered":"https:\/\/hg.cambia-marketing.it\/?page_id=2005"},"modified":"2026-02-02T09:45:43","modified_gmt":"2026-02-02T09:45:43","slug":"hotel","status":"publish","type":"page","link":"https:\/\/hotelorizzonte.italianhotelgroup.it\/en\/hotel\/","title":{"rendered":"Hotel"},"content":{"rendered":"<div data-elementor-type=\"wp-page\" data-elementor-id=\"2005\" class=\"elementor elementor-2005\" data-elementor-post-type=\"page\">\n\t\t\t\t<div class=\"elementor-element elementor-element-0387378 e-con-full e-flex e-con e-child\" data-id=\"0387378\" data-element_type=\"container\" data-settings=\"{&quot;background_background&quot;:&quot;classic&quot;}\">\n\t\t<div class=\"elementor-element elementor-element-6e0de03 e-con-full  cornicedestra e-flex e-con e-child\" data-id=\"6e0de03\" data-element_type=\"container\" data-settings=\"{&quot;background_background&quot;:&quot;classic&quot;}\">\n\t\t<div class=\"elementor-element elementor-element-79f62fa e-con-full e-flex e-con e-child\" data-id=\"79f62fa\" data-element_type=\"container\">\n\t\t\t\t<div class=\"elementor-element elementor-element-7d8dd3b elementor-widget elementor-widget-heading\" data-id=\"7d8dd3b\" data-element_type=\"widget\" data-widget_type=\"heading.default\">\n\t\t\t\t\t<h2 class=\"elementor-heading-title elementor-size-default\">Hotel <br>Orizzonte<\/h2>\t\t\t\t<\/div>\n\t\t\t\t<div class=\"elementor-element elementor-element-d9d1c70 elementor-view-default elementor-widget elementor-widget-icon\" data-id=\"d9d1c70\" data-element_type=\"widget\" data-widget_type=\"icon.default\">\n\t\t\t\t\t\t\t<div class=\"elementor-icon-wrapper\">\n\t\t\t<a class=\"elementor-icon\" href=\"#sotto\">\n\t\t\t<svg xmlns=\"http:\/\/www.w3.org\/2000\/svg\" width=\"26.828\" height=\"14.414\" viewbox=\"0 0 26.828 14.414\"><g id=\"Raggruppa_1\" data-name=\"Raggruppa 1\" transform=\"translate(-8.586 -24.586)\"><path id=\"Tracciato_2\" data-name=\"Tracciato 2\" d=\"M10,26,22,38,34,26\" transform=\"translate(0)\" fill=\"none\" stroke=\"#fff\" stroke-linecap=\"round\" stroke-linejoin=\"round\" stroke-width=\"2\"><\/path><\/g><\/svg>\t\t\t<\/a>\n\t\t<\/div>\n\t\t\t\t\t\t<\/div>\n\t\t\t\t<\/div>\n\t\t\t\t<\/div>\n\t\t\t\t<\/div>\n\t\t<div class=\"elementor-element elementor-element-e25e178 e-con-full e-flex e-con e-child\" data-id=\"e25e178\" data-element_type=\"container\" id=\"sotto\" data-settings=\"{&quot;background_background&quot;:&quot;classic&quot;}\">\n\t\t<div class=\"elementor-element elementor-element-c496582 e-con-full e-flex e-con e-child\" data-id=\"c496582\" data-element_type=\"container\">\n\t\t<div class=\"elementor-element elementor-element-4f0dab7 e-con-full e-flex e-con e-child\" data-id=\"4f0dab7\" data-element_type=\"container\">\n\t\t\t\t<div class=\"elementor-element elementor-element-3efa0d6 elementor-widget elementor-widget-heading\" data-id=\"3efa0d6\" data-element_type=\"widget\" data-widget_type=\"heading.default\">\n\t\t\t\t\t<h2 class=\"elementor-heading-title elementor-size-default\">Welcome<br>\nin Silvi Marina<\/h2>\t\t\t\t<\/div>\n\t\t\t\t<div class=\"elementor-element elementor-element-b7cdb58 elementor-widget elementor-widget-text-editor\" data-id=\"b7cdb58\" data-element_type=\"widget\" data-widget_type=\"text-editor.default\">\n\t\t\t\t\t\t\t\t\t<p>The<strong data-start=\"266\" data-end=\"280\"> Hotel Orizzonte<\/strong>\u00a0is a cozy <strong data-start=\"298\" data-end=\"331\">3-star hotel in Silvi Marina<\/strong>, ideal for seaside holidays dedicated to relaxation and simplicity. Located a short distance from the beach and the promenade, it represents a convenient choice for families, couples, and travelers who wish to stay on the Abruzzo Adriatic coast.<\/p>\t\t\t\t\t\t\t\t<\/div>\n\t\t\t\t<\/div>\n\t\t<div class=\"elementor-element elementor-element-5092c69 e-con-full e-flex e-con e-child\" data-id=\"5092c69\" data-element_type=\"container\" data-settings=\"{&quot;background_background&quot;:&quot;classic&quot;}\">\n\t\t\t\t<\/div>\n\t\t\t\t<\/div>\n\t\t\t\t<\/div>\n\t\t<div class=\"elementor-element elementor-element-eeac3c4 e-con-full e-flex e-con e-parent\" data-id=\"eeac3c4\" data-element_type=\"container\">\n\t\t<div class=\"elementor-element elementor-element-d043a1a e-con-full e-flex e-con e-child\" data-id=\"d043a1a\" data-element_type=\"container\">\n\t\t<div class=\"elementor-element elementor-element-6b90c6a e-con-full e-flex e-con e-child\" data-id=\"6b90c6a\" data-element_type=\"container\">\n\t\t<div class=\"elementor-element elementor-element-a488e1e e-con-full e-flex e-con e-child\" data-id=\"a488e1e\" data-element_type=\"container\">\n\t\t<div class=\"elementor-element elementor-element-9845b21 e-con-full e-flex e-con e-child\" data-id=\"9845b21\" data-element_type=\"container\">\n\t\t\t\t<div class=\"elementor-element elementor-element-565ee8b elementor-widget elementor-widget-heading\" data-id=\"565ee8b\" data-element_type=\"widget\" data-widget_type=\"heading.default\">\n\t\t\t\t\t<h2 class=\"elementor-heading-title elementor-size-default\">Swimming pool<\/h2>\t\t\t\t<\/div>\n\t\t\t\t<div class=\"elementor-element elementor-element-adf85a7 elementor-widget__width-initial elementor-widget elementor-widget-heading\" data-id=\"adf85a7\" data-element_type=\"widget\" data-widget_type=\"heading.default\">\n\t\t\t\t\t<h2 class=\"elementor-heading-title elementor-size-default\">La piscina all\u2019aperto dell\u2019 Hotel Orizzonte \u00e8 uno spazio pensato per il relax e il divertimento durante le giornate estive. Circondata da un\u2019area attrezzata con lettini.<\/h2>\t\t\t\t<\/div>\n\t\t\t\t<\/div>\n\t\t<div class=\"elementor-element elementor-element-94ade84 e-con-full e-flex e-con e-child\" data-id=\"94ade84\" data-element_type=\"container\">\n\t\t\t\t<div class=\"elementor-element elementor-element-00adfc1 elementor-widget elementor-widget-heading\" data-id=\"00adfc1\" data-element_type=\"widget\" data-widget_type=\"heading.default\">\n\t\t\t\t\t<h2 class=\"elementor-heading-title elementor-size-default\">Free Wi-Fi<\/h2>\t\t\t\t<\/div>\n\t\t\t\t<div class=\"elementor-element elementor-element-caa0231 elementor-widget__width-initial elementor-widget elementor-widget-heading\" data-id=\"caa0231\" data-element_type=\"widget\" data-widget_type=\"heading.default\">\n\t\t\t\t\t<h2 class=\"elementor-heading-title elementor-size-default\">L\u2019 Hotel Orizzonte offre connessione Wi-Fi gratuita disponibile nelle camere e nelle aree comuni, per restare sempre connessi durante il soggiorno.<\/h2>\t\t\t\t<\/div>\n\t\t\t\t<\/div>\n\t\t\t\t<\/div>\n\t\t<div class=\"elementor-element elementor-element-917c580 e-con-full e-flex e-con e-child\" data-id=\"917c580\" data-element_type=\"container\">\n\t\t<div class=\"elementor-element elementor-element-2c210fc e-con-full e-flex e-con e-child\" data-id=\"2c210fc\" data-element_type=\"container\">\n\t\t\t\t<div class=\"elementor-element elementor-element-aa81f77 elementor-widget elementor-widget-heading\" data-id=\"aa81f77\" data-element_type=\"widget\" data-widget_type=\"heading.default\">\n\t\t\t\t\t<h2 class=\"elementor-heading-title elementor-size-default\">Free Parking <\/h2>\t\t\t\t<\/div>\n\t\t\t\t<div class=\"elementor-element elementor-element-edef3cd elementor-widget__width-initial elementor-widget elementor-widget-heading\" data-id=\"edef3cd\" data-element_type=\"widget\" data-widget_type=\"heading.default\">\n\t\t\t\t\t<h2 class=\"elementor-heading-title elementor-size-default\">L\u2019 Hotel Orizzonte mette a disposizione degli ospiti un parcheggio gratuito, comodo e facilmente accessibile. Un servizio pensato per garantire praticit\u00e0 e tranquillit\u00e0 durante il soggiorno, ideale per chi viaggia in auto e desidera muoversi in libert\u00e0 lungo la costa abruzzese.<\/h2>\t\t\t\t<\/div>\n\t\t\t\t<\/div>\n\t\t<div class=\"elementor-element elementor-element-4ceb950 e-con-full e-flex e-con e-child\" data-id=\"4ceb950\" data-element_type=\"container\">\n\t\t\t\t<div class=\"elementor-element elementor-element-30fe905 elementor-widget elementor-widget-heading\" data-id=\"30fe905\" data-element_type=\"widget\" data-widget_type=\"heading.default\">\n\t\t\t\t\t<h2 class=\"elementor-heading-title elementor-size-default\">Bar, lounge area, and leisure spaces<\/h2>\t\t\t\t<\/div>\n\t\t\t\t<div class=\"elementor-element elementor-element-d4e79a6 elementor-widget__width-initial elementor-widget elementor-widget-heading\" data-id=\"d4e79a6\" data-element_type=\"widget\" data-widget_type=\"heading.default\">\n\t\t\t\t\t<h2 class=\"elementor-heading-title elementor-size-default\">Il bar e la sala lounge dell\u2019 Hotel Orizzonte sono spazi accoglienti pensati per momenti di relax durante la giornata. Ideali per una pausa caff\u00e8, un aperitivo o per rilassarsi dopo il mare, offrono un\u2019atmosfera informale e piacevole dove trascorrere il tempo in compagnia o in tranquillit\u00e0.<\/h2>\t\t\t\t<\/div>\n\t\t\t\t<\/div>\n\t\t\t\t<\/div>\n\t\t\t\t<\/div>\n\t\t\t\t<\/div>\n\t\t\t\t<\/div>\n\t\t<div class=\"elementor-element elementor-element-bec107b e-con-full e-flex e-con e-parent\" data-id=\"bec107b\" data-element_type=\"container\">\n\t\t<div class=\"elementor-element elementor-element-9a00964 e-con-full e-flex e-con e-child\" data-id=\"9a00964\" data-element_type=\"container\" data-settings=\"{&quot;background_background&quot;:&quot;classic&quot;}\">\n\t\t\t\t<\/div>\n\t\t\t\t<\/div>\n\t\t<div class=\"elementor-element elementor-element-0ec2ca5 e-con-full e-flex e-con e-parent\" data-id=\"0ec2ca5\" data-element_type=\"container\">\n\t\t\t\t<div class=\"elementor-element elementor-element-9246fc7 elementor-widget elementor-widget-heading\" data-id=\"9246fc7\" data-element_type=\"widget\" data-widget_type=\"heading.default\">\n\t\t\t\t\t<h2 class=\"elementor-heading-title elementor-size-default\">Flavors &amp; Relaxation<\/h2>\t\t\t\t<\/div>\n\t\t\t\t<div class=\"elementor-element elementor-element-791902f elementor-widget elementor-widget-heading\" data-id=\"791902f\" data-element_type=\"widget\" data-widget_type=\"heading.default\">\n\t\t\t\t\t<h2 class=\"elementor-heading-title elementor-size-default\"> Sea View Atmospheres<\/h2>\t\t\t\t<\/div>\n\t\t\t\t<\/div>\n\t\t<div class=\"elementor-element elementor-element-7221ec8 e-con-full e-flex e-con e-parent\" data-id=\"7221ec8\" data-element_type=\"container\">\n\t\t\t\t<div class=\"elementor-element elementor-element-79e5a6d elementor-widget elementor-widget-n-carousel\" data-id=\"79e5a6d\" data-element_type=\"widget\" data-settings=\"{&quot;carousel_items&quot;:[{&quot;slide_title&quot;:&quot;Slide #1&quot;,&quot;_id&quot;:&quot;ebc6265&quot;},{&quot;slide_title&quot;:&quot;Slide #1&quot;,&quot;_id&quot;:&quot;d56ea31&quot;},{&quot;slide_title&quot;:&quot;Slide #1&quot;,&quot;_id&quot;:&quot;3911939&quot;}],&quot;image_spacing_custom&quot;:{&quot;unit&quot;:&quot;px&quot;,&quot;size&quot;:0,&quot;sizes&quot;:[]},&quot;slides_to_show_tablet&quot;:&quot;2&quot;,&quot;slides_to_show_mobile&quot;:&quot;1&quot;,&quot;autoplay&quot;:&quot;yes&quot;,&quot;autoplay_speed&quot;:5000,&quot;pause_on_hover&quot;:&quot;yes&quot;,&quot;pause_on_interaction&quot;:&quot;yes&quot;,&quot;infinite&quot;:&quot;yes&quot;,&quot;speed&quot;:500,&quot;offset_sides&quot;:&quot;none&quot;,&quot;image_spacing_custom_tablet&quot;:{&quot;unit&quot;:&quot;px&quot;,&quot;size&quot;:&quot;&quot;,&quot;sizes&quot;:[]},&quot;image_spacing_custom_mobile&quot;:{&quot;unit&quot;:&quot;px&quot;,&quot;size&quot;:&quot;&quot;,&quot;sizes&quot;:[]}}\" data-widget_type=\"nested-carousel.default\">\n\t\t\t\t\t\t\t<div class=\"e-n-carousel swiper\" role=\"region\" aria-roledescription=\"carousel\" aria-label=\"Carousel\" dir=\"ltr\">\n\t\t\t<div class=\"swiper-wrapper\" aria-live=\"off\">\n\t\t\t\t\t\t\t\t\t\t<div class=\"swiper-slide\" data-slide=\"1\" role=\"group\" aria-roledescription=\"slide\" aria-label=\"1 di 3\">\n\t\t\t\t\t\t\t<div class=\"elementor-element elementor-element-249960f e-con-full e-flex e-con e-child\" data-id=\"249960f\" data-element_type=\"container\">\n\t\t<div class=\"elementor-element elementor-element-09f9951 e-con-full e-flex e-con e-child\" data-id=\"09f9951\" data-element_type=\"container\">\n\t\t<div class=\"elementor-element elementor-element-9912b33 e-con-full e-flex e-con e-child\" data-id=\"9912b33\" data-element_type=\"container\" data-settings=\"{&quot;background_background&quot;:&quot;classic&quot;}\">\n\t\t\t\t<\/div>\n\t\t<div class=\"elementor-element elementor-element-eab889d e-con-full e-flex e-con e-child\" data-id=\"eab889d\" data-element_type=\"container\">\n\t\t\t\t<div class=\"elementor-element elementor-element-dc50fba elementor-widget elementor-widget-heading\" data-id=\"dc50fba\" data-element_type=\"widget\" data-widget_type=\"heading.default\">\n\t\t\t\t\t<h2 class=\"elementor-heading-title elementor-size-default\">Sala lounge<\/h2>\t\t\t\t<\/div>\n\t\t\t\t<div class=\"elementor-element elementor-element-91abe3c elementor-widget__width-inherit elementor-widget elementor-widget-heading\" data-id=\"91abe3c\" data-element_type=\"widget\" data-widget_type=\"heading.default\">\n\t\t\t\t\t<h2 class=\"elementor-heading-title elementor-size-default\">La sala lounge dell\u2019 Hotel Orizzonte \u00e8 uno spazio confortevole e rilassante, ideale per concedersi una pausa durante la giornata o ritrovarsi dopo il mare. Un ambiente accogliente dove leggere, conversare o trascorrere momenti di tranquillit\u00e0 in un\u2019atmosfera informale.<\/h2>\t\t\t\t<\/div>\n\t\t\t\t<\/div>\n\t\t\t\t<\/div>\n\t\t\t\t<\/div>\n\t\t\t\t\t\t\t\t<\/div>\n\t\t\t\t\t\t\t\t\t\t\t<div class=\"swiper-slide\" data-slide=\"2\" role=\"group\" aria-roledescription=\"slide\" aria-label=\"2 di 3\">\n\t\t\t\t\t\t\t<div class=\"elementor-element elementor-element-895e272 e-con-full e-flex e-con e-child\" data-id=\"895e272\" data-element_type=\"container\">\n\t\t<div class=\"elementor-element elementor-element-d9f2813 e-con-full e-flex e-con e-child\" data-id=\"d9f2813\" data-element_type=\"container\">\n\t\t<div class=\"elementor-element elementor-element-4dc04c3 e-con-full e-flex e-con e-child\" data-id=\"4dc04c3\" data-element_type=\"container\" data-settings=\"{&quot;background_background&quot;:&quot;classic&quot;}\">\n\t\t\t\t<\/div>\n\t\t<div class=\"elementor-element elementor-element-ca04b2b e-con-full e-flex e-con e-child\" data-id=\"ca04b2b\" data-element_type=\"container\">\n\t\t\t\t<div class=\"elementor-element elementor-element-313bc96 elementor-widget elementor-widget-heading\" data-id=\"313bc96\" data-element_type=\"widget\" data-widget_type=\"heading.default\">\n\t\t\t\t\t<h2 class=\"elementor-heading-title elementor-size-default\">Restaurant<\/h2>\t\t\t\t<\/div>\n\t\t\t\t<div class=\"elementor-element elementor-element-c043ae7 elementor-widget__width-inherit elementor-widget elementor-widget-heading\" data-id=\"c043ae7\" data-element_type=\"widget\" data-widget_type=\"heading.default\">\n\t\t\t\t\t<h2 class=\"elementor-heading-title elementor-size-default\">Il ristorante dell\u2019 Hotel Orizzonte propone una cucina ispirata alla tradizione italiana e mediterranea, con piatti semplici e curati pensati per soddisfare ogni esigenza.<\/h2>\t\t\t\t<\/div>\n\t\t\t\t<\/div>\n\t\t\t\t<\/div>\n\t\t\t\t<\/div>\n\t\t\t\t\t\t\t\t<\/div>\n\t\t\t\t\t\t\t\t\t\t\t<div class=\"swiper-slide\" data-slide=\"3\" role=\"group\" aria-roledescription=\"slide\" aria-label=\"3 di 3\">\n\t\t\t\t\t\t\t<div class=\"elementor-element elementor-element-1dee06e e-con-full e-flex e-con e-child\" data-id=\"1dee06e\" data-element_type=\"container\">\n\t\t<div class=\"elementor-element elementor-element-46c9061 e-con-full e-flex e-con e-child\" data-id=\"46c9061\" data-element_type=\"container\">\n\t\t<div class=\"elementor-element elementor-element-c3bad53 e-con-full e-flex e-con e-child\" data-id=\"c3bad53\" data-element_type=\"container\" data-settings=\"{&quot;background_background&quot;:&quot;classic&quot;}\">\n\t\t\t\t<\/div>\n\t\t<div class=\"elementor-element elementor-element-43da398 e-con-full e-flex e-con e-child\" data-id=\"43da398\" data-element_type=\"container\">\n\t\t\t\t<div class=\"elementor-element elementor-element-f8959cf elementor-widget elementor-widget-heading\" data-id=\"f8959cf\" data-element_type=\"widget\" data-widget_type=\"heading.default\">\n\t\t\t\t\t<h2 class=\"elementor-heading-title elementor-size-default\">Outdoor Swimming Pool<\/h2>\t\t\t\t<\/div>\n\t\t\t\t<div class=\"elementor-element elementor-element-8d6bea6 elementor-widget__width-inherit elementor-widget elementor-widget-heading\" data-id=\"8d6bea6\" data-element_type=\"widget\" data-widget_type=\"heading.default\">\n\t\t\t\t\t<h2 class=\"elementor-heading-title elementor-size-default\">La piscina all\u2019aperto dell\u2019 Hotel Orizzonte \u00e8 il luogo ideale per concedersi momenti di relax durante il soggiorno. Circondata da un\u2019area attrezzata con lettini, \u00e8 perfetta per rinfrescarsi nelle giornate estive o rilassarsi dopo il mare.<\/h2>\t\t\t\t<\/div>\n\t\t\t\t<\/div>\n\t\t\t\t<\/div>\n\t\t\t\t<\/div>\n\t\t\t\t\t\t\t\t<\/div>\n\t\t\t\t\t\t\t\t<\/div>\n\t\t<\/div>\n\t\t\t\t\t\t<\/div>\n\t\t\t\t<\/div>\n\t\t\t\t<\/div>","protected":false},"excerpt":{"rendered":"<p>Hotel Orizzonte Benvenuti a Silvi Marina L\u2019 Hotel Orizzonte\u00a0\u00e8 un accogliente hotel 3 stelle a Silvi Marina, ideale per vacanze al mare all\u2019insegna del relax e della semplicit\u00e0. Situato a breve distanza dalla spiaggia e dal lungomare, rappresenta una scelta comoda per famiglie, coppie e viaggiatori che desiderano soggiornare sulla costa adriatica abruzzese. Piscina La [&hellip;]<\/p>","protected":false},"author":1,"featured_media":0,"parent":0,"menu_order":0,"comment_status":"closed","ping_status":"closed","template":"","meta":{"footnotes":""},"class_list":["post-2005","page","type-page","status-publish","hentry"],"_links":{"self":[{"href":"https:\/\/hotelorizzonte.italianhotelgroup.it\/en\/wp-json\/wp\/v2\/pages\/2005","targetHints":{"allow":["GET"]}}],"collection":[{"href":"https:\/\/hotelorizzonte.italianhotelgroup.it\/en\/wp-json\/wp\/v2\/pages"}],"about":[{"href":"https:\/\/hotelorizzonte.italianhotelgroup.it\/en\/wp-json\/wp\/v2\/types\/page"}],"author":[{"embeddable":true,"href":"https:\/\/hotelorizzonte.italianhotelgroup.it\/en\/wp-json\/wp\/v2\/users\/1"}],"replies":[{"embeddable":true,"href":"https:\/\/hotelorizzonte.italianhotelgroup.it\/en\/wp-json\/wp\/v2\/comments?post=2005"}],"version-history":[{"count":286,"href":"https:\/\/hotelorizzonte.italianhotelgroup.it\/en\/wp-json\/wp\/v2\/pages\/2005\/revisions"}],"predecessor-version":[{"id":5545,"href":"https:\/\/hotelorizzonte.italianhotelgroup.it\/en\/wp-json\/wp\/v2\/pages\/2005\/revisions\/5545"}],"wp:attachment":[{"href":"https:\/\/hotelorizzonte.italianhotelgroup.it\/en\/wp-json\/wp\/v2\/media?parent=2005"}],"curies":[{"name":"wp","href":"https:\/\/api.w.org\/{rel}","templated":true}]}}